{"id":3677,"date":"2025-01-05T15:28:29","date_gmt":"2025-01-05T15:28:29","guid":{"rendered":"https:\/\/determined-kepler.212-227-55-109.plesk.page\/?page_id=3677"},"modified":"2025-01-08T13:17:16","modified_gmt":"2025-01-08T13:17:16","slug":"erste","status":"publish","type":"page","link":"https:\/\/determined-kepler.212-227-55-109.plesk.page\/?page_id=3677","title":{"rendered":"Erste"},"content":{"rendered":"<div data-colibri-id=\"3677-c1\" class=\"style-800 style-local-3677-c1 position-relative\">\n  <!---->\n  <div data-colibri-component=\"section\" data-colibri-id=\"3677-c2\" id=\"about\" class=\"h-section h-section-global-spacing d-flex align-items-lg-center align-items-md-center align-items-center style-801 style-local-3677-c2 position-relative\">\n    <!---->\n    <!---->\n    <div class=\"h-section-grid-container h-section-boxed-container\">\n      <!---->\n      <div data-colibri-id=\"3677-c3\" class=\"h-row-container gutters-row-lg-0 gutters-row-md-0 gutters-row-0 gutters-row-v-lg-0 gutters-row-v-md-0 gutters-row-v-0 style-802 style-local-3677-c3 position-relative\">\n        <!---->\n        <div class=\"h-row justify-content-lg-center justify-content-md-center justify-content-center align-items-lg-center align-items-md-center align-items-center gutters-col-lg-0 gutters-col-md-0 gutters-col-0 gutters-col-v-lg-0 gutters-col-v-md-0 gutters-col-v-0\">\n          <!---->\n          <div class=\"h-column h-column-container d-flex h-col-lg-auto h-col-md-auto h-col-auto align-self-lg-center align-self-md-center align-self-center style-803-outer style-local-3677-c4-outer\">\n            <div data-colibri-id=\"3677-c4\" class=\"d-flex h-flex-basis h-column__inner h-px-lg-0 h-px-md-0 h-px-0 v-inner-lg-3 v-inner-md-3 v-inner-3 style-803 style-local-3677-c4 position-relative\">\n              <!---->\n              <!---->\n              <div class=\"w-100 h-y-container h-column__content h-column__v-align flex-basis-100 align-self-lg-start align-self-md-start align-self-start\">\n                <!---->\n                <div data-colibri-id=\"3677-c5\" class=\"h-global-transition-all h-heading style-805 style-local-3677-c5 position-relative h-element\">\n                  <!---->\n                  <div class=\"h-heading__outer style-805 style-local-3677-c5\">\n                    <!---->\n                    <!---->\n                    <h2 class=\"\">FV Hafen\n                      <br> 1. M\u00e4nner<\/h2>\n                  <\/div>\n                <\/div>\n                <div data-colibri-id=\"3677-c6\" class=\"h-text h-text-component style-806 style-local-3677-c6 position-relative h-element\">\n                  <!---->\n                  <!---->\n                  <div class=\"\">\n                    <p>Unsere 1. M\u00e4nnermannschaft spielt in der Saisonn\n                      <br>2024\/2025 in der Stadtliga A.<\/p>\n                    <p>Training ist jeden Dienstag und Donnerstag von 19:30 Uhr bis 21 Uhr auf der Saalhausener Stra\u00dfe.<\/p>\n                    <p>Die Heimspiele finden Sonntags 11:00 Uhr statt.<\/p>\n                  <\/div>\n                <\/div>\n              <\/div>\n            <\/div>\n          <\/div>\n          <div class=\"h-column h-column-container d-flex h-col-lg-auto h-col-md-auto h-col-auto align-self-lg-center align-self-md-center align-self-center style-807-outer style-local-3677-c7-outer\">\n            <div data-colibri-id=\"3677-c7\" class=\"d-flex h-flex-basis h-column__inner h-ui-empty-state-container h-px-lg-2 h-px-md-2 h-px-2 v-inner-lg-2 v-inner-md-2 v-inner-2 style-807 style-local-3677-c7 position-relative\">\n              <!---->\n              <!---->\n              <div class=\"w-100 h-y-container h-column__content h-column__v-align flex-basis-100\">\n                <!---->\n              <\/div>\n            <\/div>\n          <\/div>\n        <\/div>\n      <\/div>\n    <\/div>\n  <\/div>\n  <div data-colibri-component=\"section\" data-colibri-id=\"3677-c8\" id=\"team\" class=\"h-section h-section-global-spacing d-flex align-items-lg-center align-items-md-center align-items-center style-845 style-local-3677-c8 position-relative\">\n    <!---->\n    <!---->\n    <div class=\"h-section-grid-container h-section-boxed-container\">\n      <!---->\n      <div data-colibri-id=\"3677-c9\" class=\"h-row-container gutters-row-lg-2 gutters-row-md-2 gutters-row-2 gutters-row-v-lg-2 gutters-row-v-md-2 gutters-row-v-2 style-846 style-local-3677-c9 position-relative\">\n        <!---->\n        <div class=\"h-row justify-content-lg-center justify-content-md-center justify-content-center align-items-lg-stretch align-items-md-stretch align-items-stretch gutters-col-lg-2 gutters-col-md-2 gutters-col-2 gutters-col-v-lg-2 gutters-col-v-md-2 gutters-col-v-2\">\n          <!---->\n          <div class=\"h-column h-column-container d-flex h-col-lg-3 h-col-md-6 h-col-12 style-847-outer style-local-3677-c10-outer\">\n            <div data-colibri-id=\"3677-c10\" class=\"d-flex h-flex-basis h-column__inner h-px-lg-0 h-px-md-0 h-px-0 v-inner-lg-0 v-inner-md-0 v-inner-0 style-847 style-local-3677-c10 position-relative\">\n              <!---->\n              <!---->\n              <div class=\"w-100 h-y-container h-column__content h-column__v-align flex-basis-100 align-self-lg-start align-self-md-start align-self-start\">\n                <!---->\n                <div data-colibri-id=\"3677-c11\" class=\"d-block style-848 style-local-3677-c11 position-relative h-element\">\n                  <!---->\n                  <div class=\"h-image__frame-container-outer\">\n                    <div class=\"h-image__frame-container\">\n                      <!---->\n                      <!---->\n                      <img loading=\"lazy\" decoding=\"async\" width=\"280\" height=\"280\" src=\"https:\/\/determined-kepler.212-227-55-109.plesk.page\/wp-content\/uploads\/2025\/01\/cropped-bild-folgt-ma\u0308nnl.webp\" class=\"wp-image-3905 style-848-image style-local-3677-c11-image\" alt=\"\" srcset=\"https:\/\/determined-kepler.212-227-55-109.plesk.page\/wp-content\/uploads\/2025\/01\/cropped-bild-folgt-ma\u0308nnl.webp 280w, https:\/\/determined-kepler.212-227-55-109.plesk.page\/wp-content\/uploads\/2025\/01\/cropped-bild-folgt-ma\u0308nnl-150x150.webp 150w\" sizes=\"auto, (max-width: 280px) 100vw, 280px\" \/>\n                      <div class=\"h-image__frame h-hide-lg h-hide-md h-hide-sm style-848-frameImage style-local-3677-c11-frameImage\"><\/div>\n                    <\/div>\n                  <\/div>\n                <\/div>\n                <div data-colibri-id=\"3677-c12\" class=\"h-row-container gutters-row-lg-0 gutters-row-md-0 gutters-row-0 gutters-row-v-lg-0 gutters-row-v-md-0 gutters-row-v-0 style-849 style-local-3677-c12 position-relative\">\n                  <!---->\n                  <div class=\"h-row justify-content-lg-center justify-content-md-center justify-content-center align-items-lg-stretch align-items-md-stretch align-items-stretch gutters-col-lg-0 gutters-col-md-0 gutters-col-0 gutters-col-v-lg-0 gutters-col-v-md-0 gutters-col-v-0\">\n                    <!---->\n                    <div class=\"h-column h-column-container d-flex h-col-lg-auto h-col-md-auto h-col-auto style-850-outer style-local-3677-c13-outer\">\n                      <div data-colibri-id=\"3677-c13\" class=\"d-flex h-flex-basis h-column__inner h-px-lg-2 h-px-md-2 h-px-2 v-inner-lg-2 v-inner-md-2 v-inner-2 style-850 style-local-3677-c13 position-relative\">\n                        <!---->\n                        <!---->\n                        <div class=\"w-100 h-y-container h-column__content h-column__v-align flex-basis-100 align-self-lg-start align-self-md-start align-self-start\">\n                          <!---->\n                          <div data-colibri-id=\"3677-c14\" class=\"h-global-transition-all h-heading style-851 style-local-3677-c14 position-relative h-element\">\n                            <!---->\n                            <div class=\"h-heading__outer style-851 style-local-3677-c14\">\n                              <!---->\n                              <!---->\n                              <h4 class=\"\">Ren\u00e9 Adel<\/h4>\n                            <\/div>\n                          <\/div>\n                          <div data-colibri-id=\"3677-c15\" class=\"h-text h-text-component style-852 style-local-3677-c15 position-relative h-element\">\n                            <!---->\n                            <!---->\n                            <div class=\"\">\n                              <p>Trainer<\/p>\n                            <\/div>\n                          <\/div>\n                        <\/div>\n                      <\/div>\n                    <\/div>\n                  <\/div>\n                <\/div>\n              <\/div>\n            <\/div>\n          <\/div>\n          <div class=\"h-column h-column-container d-flex h-col-lg-3 h-col-md-6 h-col-12 style-847-outer style-local-3677-c16-outer\">\n            <div data-colibri-id=\"3677-c16\" class=\"d-flex h-flex-basis h-column__inner h-px-lg-0 h-px-md-0 h-px-0 v-inner-lg-0 v-inner-md-0 v-inner-0 style-847 style-local-3677-c16 position-relative\">\n              <!---->\n              <!---->\n              <div class=\"w-100 h-y-container h-column__content h-column__v-align flex-basis-100 align-self-lg-start align-self-md-start align-self-start\">\n                <!---->\n                <div data-colibri-id=\"3677-c17\" class=\"d-block style-848 style-local-3677-c17 position-relative h-element\">\n                  <!---->\n                  <div class=\"h-image__frame-container-outer\">\n                    <div class=\"h-image__frame-container\">\n                      <!---->\n                      <!---->\n                      <img loading=\"lazy\" decoding=\"async\" width=\"342\" height=\"342\" src=\"https:\/\/determined-kepler.212-227-55-109.plesk.page\/wp-content\/uploads\/2025\/01\/cropped-mirko2-1.jpg\" class=\"wp-image-3903 style-848-image style-local-3677-c17-image\" alt=\"\" srcset=\"https:\/\/determined-kepler.212-227-55-109.plesk.page\/wp-content\/uploads\/2025\/01\/cropped-mirko2-1.jpg 342w, https:\/\/determined-kepler.212-227-55-109.plesk.page\/wp-content\/uploads\/2025\/01\/cropped-mirko2-1-300x300.jpg 300w, https:\/\/determined-kepler.212-227-55-109.plesk.page\/wp-content\/uploads\/2025\/01\/cropped-mirko2-1-150x150.jpg 150w\" sizes=\"auto, (max-width: 342px) 100vw, 342px\" \/>\n                      <div class=\"h-image__frame h-hide-lg h-hide-md h-hide-sm style-848-frameImage style-local-3677-c17-frameImage\"><\/div>\n                    <\/div>\n                  <\/div>\n                <\/div>\n                <div data-colibri-id=\"3677-c18\" class=\"h-row-container gutters-row-lg-0 gutters-row-md-0 gutters-row-0 gutters-row-v-lg-0 gutters-row-v-md-0 gutters-row-v-0 style-849 style-local-3677-c18 position-relative\">\n                  <!---->\n                  <div class=\"h-row justify-content-lg-center justify-content-md-center justify-content-center align-items-lg-stretch align-items-md-stretch align-items-stretch gutters-col-lg-0 gutters-col-md-0 gutters-col-0 gutters-col-v-lg-0 gutters-col-v-md-0 gutters-col-v-0\">\n                    <!---->\n                    <div class=\"h-column h-column-container d-flex h-col-lg-auto h-col-md-auto h-col-auto style-850-outer style-local-3677-c19-outer\">\n                      <div data-colibri-id=\"3677-c19\" class=\"d-flex h-flex-basis h-column__inner h-px-lg-2 h-px-md-2 h-px-2 v-inner-lg-2 v-inner-md-2 v-inner-2 style-850 style-local-3677-c19 position-relative\">\n                        <!---->\n                        <!---->\n                        <div class=\"w-100 h-y-container h-column__content h-column__v-align flex-basis-100 align-self-lg-start align-self-md-start align-self-start\">\n                          <!---->\n                          <div data-colibri-id=\"3677-c20\" class=\"h-global-transition-all h-heading style-851 style-local-3677-c20 position-relative h-element\">\n                            <!---->\n                            <div class=\"h-heading__outer style-851 style-local-3677-c20\">\n                              <!---->\n                              <!---->\n                              <h4 class=\"\">Mirko Soltau<\/h4>\n                            <\/div>\n                          <\/div>\n                          <div data-colibri-id=\"3677-c21\" class=\"h-text h-text-component style-852 style-local-3677-c21 position-relative h-element\">\n                            <!---->\n                            <!---->\n                            <div class=\"\">\n                              <p>Co-Trainer<\/p>\n                            <\/div>\n                          <\/div>\n                        <\/div>\n                      <\/div>\n                    <\/div>\n                  <\/div>\n                <\/div>\n              <\/div>\n            <\/div>\n          <\/div>\n          <div class=\"h-column h-column-container d-flex h-col-lg-3 h-col-md-6 h-col-12 style-847-outer style-local-3677-c22-outer\">\n            <div data-colibri-id=\"3677-c22\" class=\"d-flex h-flex-basis h-column__inner h-px-lg-0 h-px-md-0 h-px-0 v-inner-lg-0 v-inner-md-0 v-inner-0 style-847 style-local-3677-c22 position-relative\">\n              <!---->\n              <!---->\n              <div class=\"w-100 h-y-container h-column__content h-column__v-align flex-basis-100 align-self-lg-start align-self-md-start align-self-start\">\n                <!---->\n                <div data-colibri-id=\"3677-c23\" class=\"d-block style-848 style-local-3677-c23 position-relative h-element\">\n                  <!---->\n                  <div class=\"h-image__frame-container-outer\">\n                    <div class=\"h-image__frame-container\">\n                      <!---->\n                      <!---->\n                      <img loading=\"lazy\" decoding=\"async\" width=\"280\" height=\"280\" src=\"https:\/\/determined-kepler.212-227-55-109.plesk.page\/wp-content\/uploads\/2025\/01\/cropped-bild-folgt-ma\u0308nnl-1.webp\" class=\"wp-image-3906 style-848-image style-local-3677-c23-image\" alt=\"\" srcset=\"https:\/\/determined-kepler.212-227-55-109.plesk.page\/wp-content\/uploads\/2025\/01\/cropped-bild-folgt-ma\u0308nnl-1.webp 280w, https:\/\/determined-kepler.212-227-55-109.plesk.page\/wp-content\/uploads\/2025\/01\/cropped-bild-folgt-ma\u0308nnl-1-150x150.webp 150w\" sizes=\"auto, (max-width: 280px) 100vw, 280px\" \/>\n                      <div class=\"h-image__frame h-hide-lg h-hide-md h-hide-sm style-848-frameImage style-local-3677-c23-frameImage\"><\/div>\n                    <\/div>\n                  <\/div>\n                <\/div>\n                <div data-colibri-id=\"3677-c24\" class=\"h-row-container gutters-row-lg-0 gutters-row-md-0 gutters-row-0 gutters-row-v-lg-0 gutters-row-v-md-0 gutters-row-v-0 style-849 style-local-3677-c24 position-relative\">\n                  <!---->\n                  <div class=\"h-row justify-content-lg-center justify-content-md-center justify-content-center align-items-lg-stretch align-items-md-stretch align-items-stretch gutters-col-lg-0 gutters-col-md-0 gutters-col-0 gutters-col-v-lg-0 gutters-col-v-md-0 gutters-col-v-0\">\n                    <!---->\n                    <div class=\"h-column h-column-container d-flex h-col-lg-auto h-col-md-auto h-col-auto style-850-outer style-local-3677-c25-outer\">\n                      <div data-colibri-id=\"3677-c25\" class=\"d-flex h-flex-basis h-column__inner h-px-lg-2 h-px-md-2 h-px-2 v-inner-lg-2 v-inner-md-2 v-inner-2 style-850 style-local-3677-c25 position-relative\">\n                        <!---->\n                        <!---->\n                        <div class=\"w-100 h-y-container h-column__content h-column__v-align flex-basis-100 align-self-lg-start align-self-md-start align-self-start\">\n                          <!---->\n                          <div data-colibri-id=\"3677-c26\" class=\"h-global-transition-all h-heading style-851 style-local-3677-c26 position-relative h-element\">\n                            <!---->\n                            <div class=\"h-heading__outer style-851 style-local-3677-c26\">\n                              <!---->\n                              <!---->\n                              <h4 class=\"\">Uwe F\u00fctterer<\/h4>\n                            <\/div>\n                          <\/div>\n                          <div data-colibri-id=\"3677-c27\" class=\"h-text h-text-component style-852 style-local-3677-c27 position-relative h-element\">\n                            <!---->\n                            <!---->\n                            <div class=\"\">\n                              <p>Mannschaftsleiter<\/p>\n                            <\/div>\n                          <\/div>\n                        <\/div>\n                      <\/div>\n                    <\/div>\n                  <\/div>\n                <\/div>\n              <\/div>\n            <\/div>\n          <\/div>\n        <\/div>\n      <\/div>\n    <\/div>\n  <\/div>\n<\/div>","protected":false},"excerpt":{"rendered":"<p>FV Hafen 1. M\u00e4nner Unsere 1. M\u00e4nnermannschaft spielt in der Saisonn 2024\/2025 in der Stadtliga A. Training ist jeden Dienstag und Donnerstag von 19:30 Uhr bis 21 Uhr auf der Saalhausener Stra\u00dfe. Die Heimspiele finden Sonntags 11:00 Uhr statt. Ren\u00e9 Adel Trainer Mirko Soltau Co-Trainer Uwe F\u00fctterer Mannschaftsleiter<\/p>\n","protected":false},"author":1,"featured_media":0,"parent":0,"menu_order":0,"comment_status":"closed","ping_status":"closed","template":"page-templates\/full-width-page.php","meta":{"footnotes":""},"class_list":["post-3677","page","type-page","status-publish","hentry"],"jetpack_sharing_enabled":true,"_links":{"self":[{"href":"https:\/\/determined-kepler.212-227-55-109.plesk.page\/index.php?rest_route=\/wp\/v2\/pages\/3677","targetHints":{"allow":["GET"]}}],"collection":[{"href":"https:\/\/determined-kepler.212-227-55-109.plesk.page\/index.php?rest_route=\/wp\/v2\/pages"}],"about":[{"href":"https:\/\/determined-kepler.212-227-55-109.plesk.page\/index.php?rest_route=\/wp\/v2\/types\/page"}],"author":[{"embeddable":true,"href":"https:\/\/determined-kepler.212-227-55-109.plesk.page\/index.php?rest_route=\/wp\/v2\/users\/1"}],"replies":[{"embeddable":true,"href":"https:\/\/determined-kepler.212-227-55-109.plesk.page\/index.php?rest_route=%2Fwp%2Fv2%2Fcomments&post=3677"}],"version-history":[{"count":4,"href":"https:\/\/determined-kepler.212-227-55-109.plesk.page\/index.php?rest_route=\/wp\/v2\/pages\/3677\/revisions"}],"predecessor-version":[{"id":3989,"href":"https:\/\/determined-kepler.212-227-55-109.plesk.page\/index.php?rest_route=\/wp\/v2\/pages\/3677\/revisions\/3989"}],"wp:attachment":[{"href":"https:\/\/determined-kepler.212-227-55-109.plesk.page\/index.php?rest_route=%2Fwp%2Fv2%2Fmedia&parent=3677"}],"curies":[{"name":"wp","href":"https:\/\/api.w.org\/{rel}","templated":true}]}}